{"id":1484,"date":"2022-10-03T17:22:29","date_gmt":"2022-10-03T15:22:29","guid":{"rendered":"https:\/\/artaninternational.com\/?page_id=1484"},"modified":"2023-07-02T10:19:25","modified_gmt":"2023-07-02T08:19:25","slug":"legal-notice","status":"publish","type":"page","link":"https:\/\/www.artaninternational.com\/fr\/legal-notice\/","title":{"rendered":"Legales Notice"},"content":{"rendered":"<div data-elementor-type=\"wp-page\" data-elementor-id=\"1484\" class=\"elementor elementor-1484\" data-elementor-post-type=\"page\">\n\t\t\t\t\t\t<section class=\"elementor-section elementor-top-section elementor-element elementor-element-e05955f elementor-section-height-min-height elementor-section-boxed elementor-section-height-default elementor-section-items-middle\" data-id=\"e05955f\" data-element_type=\"section\" data-e-type=\"section\" data-settings=\"{&quot;background_background&quot;:&quot;classic&quot;}\">\n\t\t\t\t\t\t\t<div class=\"elementor-background-overlay\"><\/div>\n\t\t\t\t\t\t\t<div class=\"elementor-container elementor-column-gap-default\">\n\t\t\t\t\t<div class=\"elementor-column elementor-col-100 elementor-top-column elementor-element elementor-element-4a3aaa6\" data-id=\"4a3aaa6\" data-element_type=\"column\" data-e-type=\"column\">\n\t\t\t<div class=\"elementor-widget-wrap elementor-element-populated\">\n\t\t\t\t\t\t<div class=\"elementor-element elementor-element-d34b9cf elementor-widget elementor-widget-heading\" data-id=\"d34b9cf\" data-element_type=\"widget\" data-e-type=\"widget\" data-widget_type=\"heading.default\">\n\t\t\t\t<div class=\"elementor-widget-container\">\n\t\t\t\t\t<h1 class=\"elementor-heading-title elementor-size-default\">MENTIONS L\u00c9GALES<\/h1>\t\t\t\t<\/div>\n\t\t\t\t<\/div>\n\t\t\t\t\t<\/div>\n\t\t<\/div>\n\t\t\t\t\t<\/div>\n\t\t<\/section>\n\t\t\t\t<section class=\"elementor-section elementor-top-section elementor-element elementor-element-1fb38fc elementor-section-boxed elementor-section-height-default elementor-section-height-default\" data-id=\"1fb38fc\" data-element_type=\"section\" data-e-type=\"section\">\n\t\t\t\t\t\t<div class=\"elementor-container elementor-column-gap-default\">\n\t\t\t\t\t<div class=\"elementor-column elementor-col-100 elementor-top-column elementor-element elementor-element-a2d1c84\" data-id=\"a2d1c84\" data-element_type=\"column\" data-e-type=\"column\">\n\t\t\t<div class=\"elementor-widget-wrap elementor-element-populated\">\n\t\t\t\t\t\t<div class=\"elementor-element elementor-element-31438c3 elementor-widget elementor-widget-text-editor\" data-id=\"31438c3\" data-element_type=\"widget\" data-e-type=\"widget\" data-widget_type=\"text-editor.default\">\n\t\t\t\t<div class=\"elementor-widget-container\">\n\t\t\t\t\t\t\t\t\t<p><b>CONDITIONS G\u00c9N\u00c9RALES D\u2019UTILISATION DU SITE INTERNET ARTAN INTERNATIONAL<\/b><\/p><p><br \/>Ce site Internet est publi\u00e9 par ARTAN INTERNATIONAL. L\u2019utilisation de ce site est soumise aux conditions d\u2019utilisation \u00e9nonc\u00e9es ci-apr\u00e8s. ARTAN INTERNATIONAL peut r\u00e9viser ces conditions d\u2019utilisation \u00e0 tout moment en actualisant la section \u201cconditions d\u2019utilisation\u201d. La r\u00e9vision des conditions prend effet \u00e0 la date de leur parution sur cette section.<br \/><br \/>Avant d\u2019utiliser ce site Internet, vous devez lire attentivement cette section. Votre utilisation du site signifie que vous acceptez les conditions d\u2019utilisation.<br \/><br \/>ARTAN INTERNATIONAL s\u2019efforce d\u2019assurer au mieux de ses possibilit\u00e9s, l\u2019exactitude et la mise \u00e0 jour des informations diffus\u00e9es sur ce site, dont elle se r\u00e9serve le droit de corriger, \u00e0 tout moment et sans pr\u00e9avis, le contenu. En cons\u00e9quence, ARTAN INTERNATIONAL d\u00e9cline toute responsabilit\u00e9 :<br \/><br \/>- pour toute interruption, suspension ou dysfonctionnement du site<br \/>- perte de donn\u00e9es<br \/>- survenance de bugs<br \/>- inexactitude ou omission portant sur des informations disponibles sur le site<br \/>- dommages r\u00e9sultant d\u2019une intrusion frauduleuse d\u2019un tiers ayant entra\u00een\u00e9 une modification des informations mises \u00e0 la disposition sur le site<br \/>- et plus g\u00e9n\u00e9ralement de tout dommage direct et indirect, quelles qu\u2019en soient les causes, origines, natures ou cons\u00e9quences en ce y compris notamment les co\u00fbts pouvant survenir du fait de l\u2019acquisition de biens propos\u00e9s sur le site, les pertes de profits, de client\u00e8le, de donn\u00e9es ou tout autre perte de biens incorporels pouvant survenir \u00e0 raison de l\u2019acc\u00e8s de quiconque au site ou de l\u2019impossibilit\u00e9 d\u2019y acc\u00e9der ou du cr\u00e9dit accord\u00e9 \u00e0 une quelconque information provenant directement ou indirectement de ce dernier.<\/p><p><b><br \/>DONN\u00c9ES PERSONNELLES<\/b><\/p><p>Nous veillons \u00e0 la protection des donn\u00e9es personnelles que vous nous transmettez. Nous vous invitons \u00e0 consulter la charte \u00ab Politique de confidentialit\u00e9 \u00bb qui d\u00e9crit la politique du groupe ARTAN INTERNATIONAL en mati\u00e8re de protection des donn\u00e9es personnelles.<\/p><p><b><br \/>DROIT DE PROPRI\u00c9T\u00c9 DE TAO PRESTIGE ET COPYRIGHT<\/b><\/p><p>L\u2019ensemble de ce site rel\u00e8ve de la l\u00e9gislation suisse et internationale sur le droit d\u2019auteur, le droit des marques et, de fa\u00e7on g\u00e9n\u00e9rale, sur la propri\u00e9t\u00e9 intellectuelle, aussi bien en ce qui concerne sa forme (choix, plan, disposition des mati\u00e8res, moyens d\u2019acc\u00e8s aux donn\u00e9es, base de donn\u00e9es ou toute organisation des donn\u00e9es\u2026), qu\u2019en ce qui concerne chacun des \u00e9l\u00e9ments de son contenu (marques, textes, images, vid\u00e9o, etc\u2026). Ces contenus, figurant sur les pages de ce site, sont la propri\u00e9t\u00e9 exclusive du groupe ARTAN INTERNATIONAL et de ses contributeurs ceux-ci ne conc\u00e9dant aucune licence, ni aucun autre droit que celui de consulter le site. La reproduction de tout contenu publi\u00e9 sur le site est seulement autoris\u00e9e aux fins exclusives d\u2019information pour un usage personnel et priv\u00e9. Toute reproduction, toute extraction ou toute utilisation de contenu r\u00e9alis\u00e9 \u00e0 d\u2019autres fins \u00e9tant express\u00e9ment interdites. Par exception, certains contenus (textes, images) sont la propri\u00e9t\u00e9 de leurs auteurs respectifs.<\/p><p><br \/>Le logo, la marque, la cr\u00e9ation d\u2019ARTAN INTERNATIONAL sont prot\u00e9g\u00e9s par le droit des marques et de la propri\u00e9t\u00e9 artistique, d\u00e9pos\u00e9s mondialement. Toute reproduction, repr\u00e9sentation, diffusion ou rediffusion, en tout ou partie, du contenu de ce site sur quelque support ou par tout proc\u00e9d\u00e9 que ce soit (notamment par voie de caching, framing) de m\u00eame que toute vente, revente, retransmission ou mise \u00e0 disposition de tiers de quelque mani\u00e8re que ce soit sont interdites. Le non-respect de cette interdiction constitue une contrefa\u00e7on susceptible d\u2019engager la responsabilit\u00e9 civile et p\u00e9nale de son auteur.<\/p><p><b><br \/>INDISPONIBILIT\u00c9 DU SITE<\/b><\/p><p>ARTAN INTERNATIONAL s\u2019engage \u00e0 faire ses meilleurs efforts pour assurer aux utilisateurs une accessibilit\u00e9 du site \u00e0 tout moment. ARTAN INTERNATIONAL ne pourra \u00eatre tenu responsable, en cas d\u2019indisponibilit\u00e9 du site, pour quelque cause que ce soit.<\/p>\t\t\t\t\t\t\t\t<\/div>\n\t\t\t\t<\/div>\n\t\t\t\t\t<\/div>\n\t\t<\/div>\n\t\t\t\t\t<\/div>\n\t\t<\/section>\n\t\t\t\t<\/div>","protected":false},"excerpt":{"rendered":"<p>Legal Notice TERMS AND CONDITIONS OF USE OF THE ARTAN INTERNATIONAL WEBSITE This website is made available by ARTAN INTERNATIONAL. Use of the website is subject to the following terms and conditions. ARTAN INTERNATIONAL may revise these terms and conditions at any time by updating the \u2018terms and conditions of use\u2019 section of the website. [&hellip;]<\/p>\n","protected":false},"author":1,"featured_media":0,"parent":0,"menu_order":0,"comment_status":"closed","ping_status":"closed","template":"elementor_header_footer","meta":{"footnotes":""},"class_list":["post-1484","page","type-page","status-publish","hentry"],"yoast_head":"<!-- This site is optimized with the Yoast SEO plugin v27.4 - https:\/\/yoast.com\/product\/yoast-seo-wordpress\/ -->\n<title>Legales Notice - Artan International<\/title>\n<meta name=\"robots\" content=\"index, follow, max-snippet:-1, max-image-preview:large, max-video-preview:-1\" \/>\n<link rel=\"canonical\" href=\"https:\/\/www.artaninternational.com\/fr\/legal-notice\/\" \/>\n<meta property=\"og:locale\" content=\"fr_FR\" \/>\n<meta property=\"og:type\" content=\"article\" \/>\n<meta property=\"og:title\" content=\"Legales Notice - Artan International\" \/>\n<meta property=\"og:description\" content=\"Legal Notice TERMS AND CONDITIONS OF USE OF THE ARTAN INTERNATIONAL WEBSITE This website is made available by ARTAN INTERNATIONAL. Use of the website is subject to the following terms and conditions. ARTAN INTERNATIONAL may revise these terms and conditions at any time by updating the \u2018terms and conditions of use\u2019 section of the website. [&hellip;]\" \/>\n<meta property=\"og:url\" content=\"https:\/\/www.artaninternational.com\/fr\/legal-notice\/\" \/>\n<meta property=\"og:site_name\" content=\"Artan International\" \/>\n<meta property=\"article:modified_time\" content=\"2023-07-02T08:19:25+00:00\" \/>\n<meta name=\"twitter:card\" content=\"summary_large_image\" \/>\n<meta name=\"twitter:label1\" content=\"Dur\u00e9e de lecture estim\u00e9e\" \/>\n\t<meta name=\"twitter:data1\" content=\"4 minutes\" \/>\n<script type=\"application\/ld+json\" class=\"yoast-schema-graph\">{\"@context\":\"https:\\\/\\\/schema.org\",\"@graph\":[{\"@type\":\"WebPage\",\"@id\":\"https:\\\/\\\/www.artaninternational.com\\\/legal-notice\\\/\",\"url\":\"https:\\\/\\\/www.artaninternational.com\\\/legal-notice\\\/\",\"name\":\"Legales Notice - Artan International\",\"isPartOf\":{\"@id\":\"https:\\\/\\\/www.artaninternational.com\\\/#website\"},\"datePublished\":\"2022-10-03T15:22:29+00:00\",\"dateModified\":\"2023-07-02T08:19:25+00:00\",\"breadcrumb\":{\"@id\":\"https:\\\/\\\/www.artaninternational.com\\\/legal-notice\\\/#breadcrumb\"},\"inLanguage\":\"fr-FR\",\"potentialAction\":[{\"@type\":\"ReadAction\",\"target\":[\"https:\\\/\\\/www.artaninternational.com\\\/legal-notice\\\/\"]}]},{\"@type\":\"BreadcrumbList\",\"@id\":\"https:\\\/\\\/www.artaninternational.com\\\/legal-notice\\\/#breadcrumb\",\"itemListElement\":[{\"@type\":\"ListItem\",\"position\":1,\"name\":\"Accueil\",\"item\":\"https:\\\/\\\/www.artaninternational.com\\\/\"},{\"@type\":\"ListItem\",\"position\":2,\"name\":\"Legales Notice\"}]},{\"@type\":\"WebSite\",\"@id\":\"https:\\\/\\\/www.artaninternational.com\\\/#website\",\"url\":\"https:\\\/\\\/www.artaninternational.com\\\/\",\"name\":\"Artan International\",\"description\":\"\",\"publisher\":{\"@id\":\"https:\\\/\\\/www.artaninternational.com\\\/#organization\"},\"potentialAction\":[{\"@type\":\"SearchAction\",\"target\":{\"@type\":\"EntryPoint\",\"urlTemplate\":\"https:\\\/\\\/www.artaninternational.com\\\/?s={search_term_string}\"},\"query-input\":{\"@type\":\"PropertyValueSpecification\",\"valueRequired\":true,\"valueName\":\"search_term_string\"}}],\"inLanguage\":\"fr-FR\"},{\"@type\":\"Organization\",\"@id\":\"https:\\\/\\\/www.artaninternational.com\\\/#organization\",\"name\":\"Artan International\",\"url\":\"https:\\\/\\\/www.artaninternational.com\\\/\",\"logo\":{\"@type\":\"ImageObject\",\"inLanguage\":\"fr-FR\",\"@id\":\"https:\\\/\\\/www.artaninternational.com\\\/#\\\/schema\\\/logo\\\/image\\\/\",\"url\":\"https:\\\/\\\/www.artaninternational.com\\\/wp-content\\\/uploads\\\/2022\\\/09\\\/LOGO_HD_ARTAN_BLANC-V3.png\",\"contentUrl\":\"https:\\\/\\\/www.artaninternational.com\\\/wp-content\\\/uploads\\\/2022\\\/09\\\/LOGO_HD_ARTAN_BLANC-V3.png\",\"width\":14999,\"height\":3192,\"caption\":\"Artan International\"},\"image\":{\"@id\":\"https:\\\/\\\/www.artaninternational.com\\\/#\\\/schema\\\/logo\\\/image\\\/\"}}]}<\/script>\n<!-- \/ Yoast SEO plugin. -->","yoast_head_json":{"title":"Legales Notice - Artan International","robots":{"index":"index","follow":"follow","max-snippet":"max-snippet:-1","max-image-preview":"max-image-preview:large","max-video-preview":"max-video-preview:-1"},"canonical":"https:\/\/www.artaninternational.com\/fr\/legal-notice\/","og_locale":"fr_FR","og_type":"article","og_title":"Legales Notice - Artan International","og_description":"Legal Notice TERMS AND CONDITIONS OF USE OF THE ARTAN INTERNATIONAL WEBSITE This website is made available by ARTAN INTERNATIONAL. Use of the website is subject to the following terms and conditions. ARTAN INTERNATIONAL may revise these terms and conditions at any time by updating the \u2018terms and conditions of use\u2019 section of the website. [&hellip;]","og_url":"https:\/\/www.artaninternational.com\/fr\/legal-notice\/","og_site_name":"Artan International","article_modified_time":"2023-07-02T08:19:25+00:00","twitter_card":"summary_large_image","twitter_misc":{"Dur\u00e9e de lecture estim\u00e9e":"4 minutes"},"schema":{"@context":"https:\/\/schema.org","@graph":[{"@type":"WebPage","@id":"https:\/\/www.artaninternational.com\/legal-notice\/","url":"https:\/\/www.artaninternational.com\/legal-notice\/","name":"Legales Notice - Artan International","isPartOf":{"@id":"https:\/\/www.artaninternational.com\/#website"},"datePublished":"2022-10-03T15:22:29+00:00","dateModified":"2023-07-02T08:19:25+00:00","breadcrumb":{"@id":"https:\/\/www.artaninternational.com\/legal-notice\/#breadcrumb"},"inLanguage":"fr-FR","potentialAction":[{"@type":"ReadAction","target":["https:\/\/www.artaninternational.com\/legal-notice\/"]}]},{"@type":"BreadcrumbList","@id":"https:\/\/www.artaninternational.com\/legal-notice\/#breadcrumb","itemListElement":[{"@type":"ListItem","position":1,"name":"Accueil","item":"https:\/\/www.artaninternational.com\/"},{"@type":"ListItem","position":2,"name":"Legales Notice"}]},{"@type":"WebSite","@id":"https:\/\/www.artaninternational.com\/#website","url":"https:\/\/www.artaninternational.com\/","name":"Artan International","description":"","publisher":{"@id":"https:\/\/www.artaninternational.com\/#organization"},"potentialAction":[{"@type":"SearchAction","target":{"@type":"EntryPoint","urlTemplate":"https:\/\/www.artaninternational.com\/?s={search_term_string}"},"query-input":{"@type":"PropertyValueSpecification","valueRequired":true,"valueName":"search_term_string"}}],"inLanguage":"fr-FR"},{"@type":"Organization","@id":"https:\/\/www.artaninternational.com\/#organization","name":"Artan International","url":"https:\/\/www.artaninternational.com\/","logo":{"@type":"ImageObject","inLanguage":"fr-FR","@id":"https:\/\/www.artaninternational.com\/#\/schema\/logo\/image\/","url":"https:\/\/www.artaninternational.com\/wp-content\/uploads\/2022\/09\/LOGO_HD_ARTAN_BLANC-V3.png","contentUrl":"https:\/\/www.artaninternational.com\/wp-content\/uploads\/2022\/09\/LOGO_HD_ARTAN_BLANC-V3.png","width":14999,"height":3192,"caption":"Artan International"},"image":{"@id":"https:\/\/www.artaninternational.com\/#\/schema\/logo\/image\/"}}]}},"_links":{"self":[{"href":"https:\/\/www.artaninternational.com\/fr\/wp-json\/wp\/v2\/pages\/1484","targetHints":{"allow":["GET"]}}],"collection":[{"href":"https:\/\/www.artaninternational.com\/fr\/wp-json\/wp\/v2\/pages"}],"about":[{"href":"https:\/\/www.artaninternational.com\/fr\/wp-json\/wp\/v2\/types\/page"}],"author":[{"embeddable":true,"href":"https:\/\/www.artaninternational.com\/fr\/wp-json\/wp\/v2\/users\/1"}],"replies":[{"embeddable":true,"href":"https:\/\/www.artaninternational.com\/fr\/wp-json\/wp\/v2\/comments?post=1484"}],"version-history":[{"count":23,"href":"https:\/\/www.artaninternational.com\/fr\/wp-json\/wp\/v2\/pages\/1484\/revisions"}],"predecessor-version":[{"id":2511,"href":"https:\/\/www.artaninternational.com\/fr\/wp-json\/wp\/v2\/pages\/1484\/revisions\/2511"}],"wp:attachment":[{"href":"https:\/\/www.artaninternational.com\/fr\/wp-json\/wp\/v2\/media?parent=1484"}],"curies":[{"name":"wp","href":"https:\/\/api.w.org\/{rel}","templated":true}]}}